{"id":31947,"date":"2026-04-03T21:52:39","date_gmt":"2026-04-03T21:52:39","guid":{"rendered":"https:\/\/huginpocket.store\/product\/aeg-wave-2in1-akkusauger-cx7-2-45an-18v-rd-red-chili\/"},"modified":"2026-04-03T21:52:39","modified_gmt":"2026-04-03T21:52:39","slug":"aeg-wave-2in1-akkusauger-cx7-2-45an-18v-rd-red-chili","status":"publish","type":"product","link":"https:\/\/huginpocket.store\/en\/product\/aeg-wave-2in1-akkusauger-cx7-2-45an-18v-rd-red-chili\/","title":{"rendered":"AEG Wave &#8211; 2in1 Akkusauger CX7-2-45AN 18V rd Red Chili"},"content":{"rendered":"<div id=\"productDescription\" class=\"a-section a-spacing-small\">       <!-- show up to 2 reviews by default --><\/p>\n<p>    <span>Si buscas electrodom\u00e9sticos para tu hogar a los mejores precios, \u00a1no te pierdas Aspirador Escoba Inal\u00e1mbrico Aeg CX7245AN 0,5 L 18 V Rojo y una amplia selecci\u00f3n de peque\u00f1o electrodom\u00e9stico de calidad!Color: RojoIncluye: Soporte de cargaTipo: Inal\u00e1mbricoIntensidad de sonido: 79 dBAutonom\u00eda aprox.: 16-45 minTiempo de carga aprox.: 4 hBater\u00eda de litio recargable: 18 VCapacidad: 0,5 LTurboPowerLuces: LED<\/span>    <\/p>\n<\/p><\/div>\n<p><strong>Product Overview<\/strong><\/p>\n<ul>\n<li>\n<strong>Brand:<\/strong> AEG<\/li>\n<li>\n<strong>Special feature:<\/strong> Bagless, cyclonic<\/li>\n<li>\n<strong>Filter type:<\/strong> Cyclonic<\/li>\n<li>\n<strong>Surface recommendation:<\/strong> Upholstery<\/li>\n<li>\n<strong>Power source:<\/strong> Battery Powered<\/li>\n<\/ul>\n<p><strong>Product Features<\/strong><\/p>\n<ul>\n<li>Ideal for allergy sufferers and pet owners: Additional electric suction brush for the removable handpiece to collect animal hair, mites and house dust on upholstery<\/li>\n<li>2in1 function: The removable handheld vacuum cleaner of the cordless vacuum cleaner ensures maximum flexibility even in hard-to-reach places<\/li>\n<li>Extra long running time: Up to 45 minutes or 135 m\u00b2 running time in the ECO mode 16 minutes or 48 m\u00b2 in the power mode &#8211; powerful 18 V lithium high-density battery<\/li>\n<li>Deep cleaning: Cordless vacuum cleaner with motor-driven electric suction brush and LED front lights for optimal visibility and self-cleaning of the brush roll by pressing the pedal Brushroll-Clean function<\/li>\n<li>Scope of delivery: 1x CX7 cordless vacuum cleaner, 1x electric suction brush, 1x charging station + integrated furniture brush\/mini crevice nozzle, 1x filter already in the device \/\/ Recommended accessories: extension set AKIT360+, furniture soft brush AZE130 \/\/ Successor: QX6-1-45AN<\/li>\n<\/ul>\n<p><strong>Product Information<\/strong><\/p>\n<ul>\n<table style=\"margin-bottom:20px\">\n<tbody>\n<tr>\n<td><strong>Other Special Features of the Product<\/strong><\/td>\n<td>Bagless, cyclonic<\/td>\n<\/tr>\n<tr>\n<td><strong>Filter Type<\/strong><\/td>\n<td>Cyclonic<\/td>\n<\/tr>\n<tr>\n<td><strong>Surface Recommendation<\/strong><\/td>\n<td>Upholstery<\/td>\n<\/tr>\n<tr>\n<td><strong>Capacity<\/strong><\/td>\n<td>0.5 litres<\/td>\n<\/tr>\n<tr>\n<td><strong>Recommended Uses For Product<\/strong><\/td>\n<td>Deep cleaning<\/td>\n<\/tr>\n<tr>\n<td><strong>Colour<\/strong><\/td>\n<td>Red<\/td>\n<\/tr>\n<tr>\n<td><strong>Noise Level<\/strong><\/td>\n<td>79 Decibels<\/td>\n<\/tr>\n<tr>\n<td><strong>Motor Horsepower<\/strong><\/td>\n<td>0.02 Horsepower<\/td>\n<\/tr>\n<tr>\n<td><strong>Style Name<\/strong><\/td>\n<td>handheld<\/td>\n<\/tr>\n<tr>\n<td><strong>Number of Speeds<\/strong><\/td>\n<td>2<\/td>\n<\/tr>\n<tr>\n<td><strong>Portable<\/strong><\/td>\n<td>Yes<\/td>\n<\/tr>\n<tr>\n<td><strong>Number of Power Levels<\/strong><\/td>\n<td>2<\/td>\n<\/tr>\n<tr>\n<td><strong>Indoor Outdoor Usage<\/strong><\/td>\n<td>Indoor<\/td>\n<\/tr>\n<tr>\n<td><strong>Finish Type<\/strong><\/td>\n<td>Glossy<\/td>\n<\/tr>\n<tr>\n<td><strong>Number of Wheels<\/strong><\/td>\n<td>2<\/td>\n<\/tr>\n<tr>\n<td><strong>Voltage<\/strong><\/td>\n<td>18 Volts<\/td>\n<\/tr>\n<tr>\n<td><strong>Wattage<\/strong><\/td>\n<td>18 watts<\/td>\n<\/tr>\n<tr>\n<td><strong>Battery Charge Time<\/strong><\/td>\n<td>4 Hours<\/td>\n<\/tr>\n<tr>\n<td><strong>Battery Description<\/strong><\/td>\n<td>A battery with a runtime of up to 45 minutes and a charging time of 4 hours, with an approximate voltage of about 18 volts.<\/td>\n<\/tr>\n<tr>\n<td><strong>Battery Life<\/strong><\/td>\n<td>16 minutes<\/td>\n<\/tr>\n<tr>\n<td><strong>Runtime<\/strong><\/td>\n<td>45 minutes<\/td>\n<\/tr>\n<tr>\n<td><strong>Connectivity Technology<\/strong><\/td>\n<td>Wi-Fi<\/td>\n<\/tr>\n<tr>\n<td><strong>Brand Name<\/strong><\/td>\n<td>AEG<\/td>\n<\/tr>\n<tr>\n<td><strong>Included Components<\/strong><\/td>\n<td>Battery<\/td>\n<\/tr>\n<tr>\n<td><strong>Model Name<\/strong><\/td>\n<td>CX7-2-45AN<\/td>\n<\/tr>\n<tr>\n<td><strong>Model Number<\/strong><\/td>\n<td>CX7-2-45AN<\/td>\n<\/tr>\n<tr>\n<td><strong>Manufacturer<\/strong><\/td>\n<td>AEG<\/td>\n<\/tr>\n<tr>\n<td><strong>Number of Items<\/strong><\/td>\n<td>4<\/td>\n<\/tr>\n<tr>\n<td><strong>Unit Count<\/strong><\/td>\n<td>1.0 Count<\/td>\n<\/tr>\n<tr>\n<td><strong>Best Sellers Rank<\/strong><\/td>\n<td><\/td>\n<\/tr>\n<tr>\n<td><strong>ASIN<\/strong><\/td>\n<td>B0748MM3ZM<\/td>\n<\/tr>\n<tr>\n<td><strong>Customer Reviews<\/strong><\/td>\n<td><\/td>\n<\/tr>\n<tr>\n<td><strong>Power Source<\/strong><\/td>\n<td>Battery Powered<\/td>\n<\/tr>\n<tr>\n<td><strong>Is Product Cordless<\/strong><\/td>\n<td>Yes<\/td>\n<\/tr>\n<tr>\n<td><strong>Item Weight<\/strong><\/td>\n<td>2.5 kg<\/td>\n<\/tr>\n<tr>\n<td><strong>Item Dimensions L x W x H<\/strong><\/td>\n<td>26.5L x 14.5W x 114.5H centimetres<\/td>\n<\/tr>\n<tr>\n<td><strong>Controller Type<\/strong><\/td>\n<td>Push Button<\/td>\n<\/tr>\n<tr>\n<td><strong>Control Method<\/strong><\/td>\n<td>Touch<\/td>\n<\/tr>\n<tr>\n<td><strong>Form Factor<\/strong><\/td>\n<td>Handheld<\/td>\n<\/tr>\n<tr>\n<td><strong>Number of Handles<\/strong><\/td>\n<td>1<\/td>\n<\/tr>\n<\/tbody>\n<\/table>\n<\/ul>","protected":false},"excerpt":{"rendered":"<p>Si buscas electrodom\u00e9sticos para tu hogar a los mejores precios, \u00a1no te pierdas Aspirador Escoba Inal\u00e1mbrico Aeg CX7245AN 0,5 L<\/p>","protected":false},"featured_media":32087,"comment_status":"open","ping_status":"closed","template":"","meta":[],"product_brand":[],"product_cat":[],"product_tag":[],"class_list":{"0":"post-31947","1":"product","2":"type-product","3":"status-publish","4":"has-post-thumbnail","7":"first","8":"instock","9":"sale","10":"shipping-taxable","11":"purchasable","12":"product-type-simple"},"jetpack_sharing_enabled":true,"_links":{"self":[{"href":"https:\/\/huginpocket.store\/en\/wp-json\/wp\/v2\/product\/31947","targetHints":{"allow":["GET"]}}],"collection":[{"href":"https:\/\/huginpocket.store\/en\/wp-json\/wp\/v2\/product"}],"about":[{"href":"https:\/\/huginpocket.store\/en\/wp-json\/wp\/v2\/types\/product"}],"replies":[{"embeddable":true,"href":"https:\/\/huginpocket.store\/en\/wp-json\/wp\/v2\/comments?post=31947"}],"version-history":[{"count":0,"href":"https:\/\/huginpocket.store\/en\/wp-json\/wp\/v2\/product\/31947\/revisions"}],"wp:featuredmedia":[{"embeddable":true,"href":"https:\/\/huginpocket.store\/en\/wp-json\/wp\/v2\/media\/32087"}],"wp:attachment":[{"href":"https:\/\/huginpocket.store\/en\/wp-json\/wp\/v2\/media?parent=31947"}],"wp:term":[{"taxonomy":"product_brand","embeddable":true,"href":"https:\/\/huginpocket.store\/en\/wp-json\/wp\/v2\/product_brand?post=31947"},{"taxonomy":"product_cat","embeddable":true,"href":"https:\/\/huginpocket.store\/en\/wp-json\/wp\/v2\/product_cat?post=31947"},{"taxonomy":"product_tag","embeddable":true,"href":"https:\/\/huginpocket.store\/en\/wp-json\/wp\/v2\/product_tag?post=31947"}],"curies":[{"name":"wp","href":"https:\/\/api.w.org\/{rel}","templated":true}]}}